{"id":2778,"date":"2024-04-27T14:43:46","date_gmt":"2024-04-27T12:43:46","guid":{"rendered":"https:\/\/mci-terasadevis.ro\/?page_id=2778"},"modified":"2024-05-27T17:52:06","modified_gmt":"2024-05-27T14:52:06","slug":"aluminium-oldal-es-elo-falak","status":"publish","type":"page","link":"https:\/\/mci-terasadevis.ro\/hu\/aluminium-oldal-es-elo-falak\/","title":{"rendered":"Alum\u00ednium teraszoldalfalak"},"content":{"rendered":"\t\t<div data-elementor-type=\"wp-page\" data-elementor-id=\"2778\" class=\"elementor elementor-2778\" data-elementor-post-type=\"page\">\n\t\t\t\t\t\t<section class=\"elementor-section elementor-top-section elementor-element elementor-element-174ddae0 elementor-section-boxed elementor-section-height-default elementor-section-height-default\" data-id=\"174ddae0\" data-element_type=\"section\" data-settings=\"{&quot;jet_parallax_layout_list&quot;:[]}\">\n\t\t\t\t\t\t<div class=\"elementor-container elementor-column-gap-default\">\n\t\t\t\t\t<div class=\"elementor-column elementor-col-100 elementor-top-column elementor-element elementor-element-64a43a08\" data-id=\"64a43a08\" data-element_type=\"column\">\n\t\t\t<div class=\"elementor-widget-wrap elementor-element-populated\">\n\t\t\t\t\t\t<section class=\"elementor-section elementor-inner-section elementor-element elementor-element-58632208 elementor-section-full_width elementor-section-height-default elementor-section-height-default\" data-id=\"58632208\" data-element_type=\"section\" data-settings=\"{&quot;jet_parallax_layout_list&quot;:[],&quot;background_background&quot;:&quot;gradient&quot;}\">\n\t\t\t\t\t\t\t<div class=\"elementor-background-overlay\"><\/div>\n\t\t\t\t\t\t\t<div class=\"elementor-container elementor-column-gap-default\">\n\t\t\t\t\t<div class=\"elementor-column elementor-col-50 elementor-inner-column elementor-element elementor-element-27fcf1be\" data-id=\"27fcf1be\" data-element_type=\"column\">\n\t\t\t<div class=\"elementor-widget-wrap elementor-element-populated\">\n\t\t\t\t\t\t<div class=\"elementor-element elementor-element-38f897d6 elementor-widget elementor-widget-image\" data-id=\"38f897d6\" data-element_type=\"widget\" data-widget_type=\"image.default\">\n\t\t\t\t<div class=\"elementor-widget-container\">\n\t\t\t\t\t\t\t\t\t\t\t\t\t\t\t<img fetchpriority=\"high\" decoding=\"async\" width=\"750\" height=\"450\" src=\"https:\/\/mci-terasadevis.ro\/wp-content\/uploads\/2024\/04\/telikertek-.jpg\" class=\"attachment-full size-full wp-image-2784\" alt=\"\" srcset=\"https:\/\/mci-terasadevis.ro\/wp-content\/uploads\/2024\/04\/telikertek-.jpg 750w, https:\/\/mci-terasadevis.ro\/wp-content\/uploads\/2024\/04\/telikertek--300x180.jpg 300w\" sizes=\"(max-width: 750px) 100vw, 750px\" \/>\t\t\t\t\t\t\t\t\t\t\t\t\t\t\t<\/div>\n\t\t\t\t<\/div>\n\t\t\t\t\t<\/div>\n\t\t<\/div>\n\t\t\t\t<div class=\"elementor-column elementor-col-50 elementor-inner-column elementor-element elementor-element-1b7409cb\" data-id=\"1b7409cb\" data-element_type=\"column\">\n\t\t\t<div class=\"elementor-widget-wrap elementor-element-populated\">\n\t\t\t\t\t\t<div class=\"elementor-element elementor-element-51547c6 elementor-widget elementor-widget-heading\" data-id=\"51547c6\" data-element_type=\"widget\" data-widget_type=\"heading.default\">\n\t\t\t\t<div class=\"elementor-widget-container\">\n\t\t\t\t\t<h1 class=\"elementor-heading-title elementor-size-default\">Alum\u00ednium oldal,- \u00e9s el\u0151 falak<\/h1>\t\t\t\t<\/div>\n\t\t\t\t<\/div>\n\t\t\t\t<div class=\"elementor-element elementor-element-63cf5f02 elementor-widget elementor-widget-text-editor\" data-id=\"63cf5f02\" data-element_type=\"widget\" data-widget_type=\"text-editor.default\">\n\t\t\t\t<div class=\"elementor-widget-container\">\n\t\t\t\t\t\t\t\t\t<p>Teraszaink szerelhet\u0151ek tol\u00f3-ny\u00edl\u00f3 10 mm-es \u00fcvegfallal, \u00edgy a nappali k\u00f6nnyed\u00e9n kib\u0151v\u00edthet\u0151 egy t\u00e9likerttel, amit a csal\u00e1d \u00f6sszes tagja sz\u00edvesen haszn\u00e1l. De lehet\u0151s\u00e9g van arra is, hogy az udvarban k\u00fcl\u00f6n\u00e1ll\u00f3 4 oldalr\u00f3l z\u00e1rt \u00e9p\u00edtm\u00e9ny legyen.\u00a0<strong>K\u00e9rje INGYENES egyedi \u00e1raj\u00e1nlatunkat!<\/strong><\/p>\t\t\t\t\t\t\t\t<\/div>\n\t\t\t\t<\/div>\n\t\t\t\t<div class=\"elementor-element elementor-element-665c34d1 elementor-align-left elementor-icon-list--layout-traditional elementor-list-item-link-full_width elementor-widget elementor-widget-icon-list\" data-id=\"665c34d1\" data-element_type=\"widget\" data-widget_type=\"icon-list.default\">\n\t\t\t\t<div class=\"elementor-widget-container\">\n\t\t\t\t\t\t\t<ul class=\"elementor-icon-list-items\">\n\t\t\t\t\t\t\t<li class=\"elementor-icon-list-item\">\n\t\t\t\t\t\t\t\t\t\t\t<span class=\"elementor-icon-list-icon\">\n\t\t\t\t\t\t\t<svg xmlns=\"http:\/\/www.w3.org\/2000\/svg\" xmlns:xlink=\"http:\/\/www.w3.org\/1999\/xlink\" id=\"R&#xE9;teg_1\" x=\"0px\" y=\"0px\" viewBox=\"0 0 75 75\" style=\"enable-background:new 0 0 75 75;\" xml:space=\"preserve\"><style type=\"text\/css\">\t.st0{fill:#FFFFFF;}<\/style><path class=\"st0\" d=\"M0.6,37.9L6.9,32c7.4,3.6,12.1,6.3,20.4,12.2C42.9,26.5,53.2,17.5,72.4,5.6l2.1,4.7 C58.6,24.1,47,39.5,30.4,69.4C20.1,57.3,13.2,49.6,0.6,37.9z\"><\/path><\/svg>\t\t\t\t\t\t<\/span>\n\t\t\t\t\t\t\t\t\t\t<span class=\"elementor-icon-list-text\">ESG edzett biztons\u00e1gi \u00fcveggel<\/span>\n\t\t\t\t\t\t\t\t\t<\/li>\n\t\t\t\t\t\t\t\t<li class=\"elementor-icon-list-item\">\n\t\t\t\t\t\t\t\t\t\t\t<span class=\"elementor-icon-list-icon\">\n\t\t\t\t\t\t\t<svg xmlns=\"http:\/\/www.w3.org\/2000\/svg\" xmlns:xlink=\"http:\/\/www.w3.org\/1999\/xlink\" id=\"R&#xE9;teg_1\" x=\"0px\" y=\"0px\" viewBox=\"0 0 75 75\" style=\"enable-background:new 0 0 75 75;\" xml:space=\"preserve\"><style type=\"text\/css\">\t.st0{fill:#FFFFFF;}<\/style><path class=\"st0\" d=\"M0.6,37.9L6.9,32c7.4,3.6,12.1,6.3,20.4,12.2C42.9,26.5,53.2,17.5,72.4,5.6l2.1,4.7 C58.6,24.1,47,39.5,30.4,69.4C20.1,57.3,13.2,49.6,0.6,37.9z\"><\/path><\/svg>\t\t\t\t\t\t<\/span>\n\t\t\t\t\t\t\t\t\t\t<span class=\"elementor-icon-list-text\">elcs\u00fasztathat\u00f3 \u00e9s FIX kivitelben is, ak\u00e1r z\u00e1rszerkezettel is felszerelhet\u0151<\/span>\n\t\t\t\t\t\t\t\t\t<\/li>\n\t\t\t\t\t\t\t\t<li class=\"elementor-icon-list-item\">\n\t\t\t\t\t\t\t\t\t\t\t<span class=\"elementor-icon-list-icon\">\n\t\t\t\t\t\t\t<svg xmlns=\"http:\/\/www.w3.org\/2000\/svg\" xmlns:xlink=\"http:\/\/www.w3.org\/1999\/xlink\" id=\"R&#xE9;teg_1\" x=\"0px\" y=\"0px\" viewBox=\"0 0 75 75\" style=\"enable-background:new 0 0 75 75;\" xml:space=\"preserve\"><style type=\"text\/css\">\t.st0{fill:#FFFFFF;}<\/style><path class=\"st0\" d=\"M0.6,37.9L6.9,32c7.4,3.6,12.1,6.3,20.4,12.2C42.9,26.5,53.2,17.5,72.4,5.6l2.1,4.7 C58.6,24.1,47,39.5,30.4,69.4C20.1,57.3,13.2,49.6,0.6,37.9z\"><\/path><\/svg>\t\t\t\t\t\t<\/span>\n\t\t\t\t\t\t\t\t\t\t<span class=\"elementor-icon-list-text\">es\u0151t\u0151l, sz\u00e9lt\u0151l v\u00e9delem<\/span>\n\t\t\t\t\t\t\t\t\t<\/li>\n\t\t\t\t\t\t\t\t<li class=\"elementor-icon-list-item\">\n\t\t\t\t\t\t\t\t\t\t\t<span class=\"elementor-icon-list-icon\">\n\t\t\t\t\t\t\t<svg xmlns=\"http:\/\/www.w3.org\/2000\/svg\" xmlns:xlink=\"http:\/\/www.w3.org\/1999\/xlink\" id=\"R&#xE9;teg_1\" x=\"0px\" y=\"0px\" viewBox=\"0 0 75 75\" style=\"enable-background:new 0 0 75 75;\" xml:space=\"preserve\"><style type=\"text\/css\">\t.st0{fill:#FFFFFF;}<\/style><path class=\"st0\" d=\"M0.6,37.9L6.9,32c7.4,3.6,12.1,6.3,20.4,12.2C42.9,26.5,53.2,17.5,72.4,5.6l2.1,4.7 C58.6,24.1,47,39.5,30.4,69.4C20.1,57.3,13.2,49.6,0.6,37.9z\"><\/path><\/svg>\t\t\t\t\t\t<\/span>\n\t\t\t\t\t\t\t\t\t\t<span class=\"elementor-icon-list-text\">5 f\u00e9le sz\u00ednben kaphat\u00f3: RAL7016 struktur\u00e1lt antracit, RAL9001 kr\u00e9mfeh\u00e9r, RAL9005 struktur\u00e1lt fekete, RAL9007 struktur\u00e1lt sz\u00fcrke alum\u00ednium sz\u00edn, RAL7001 struktur\u00e1lt  ez\u00fcst sz\u00fcrke <\/span>\n\t\t\t\t\t\t\t\t\t<\/li>\n\t\t\t\t\t\t<\/ul>\n\t\t\t\t\t\t<\/div>\n\t\t\t\t<\/div>\n\t\t\t\t<div class=\"elementor-element elementor-element-160d1fd2 elementor-align-left elementor-laptop-align-left elementor-tablet-align-center elementor-widget elementor-widget-button\" data-id=\"160d1fd2\" data-element_type=\"widget\" data-widget_type=\"button.default\">\n\t\t\t\t<div class=\"elementor-widget-container\">\n\t\t\t\t\t\t\t\t\t<div class=\"elementor-button-wrapper\">\n\t\t\t\t\t<a class=\"elementor-button elementor-button-link elementor-size-sm\" href=\"#referencia\">\n\t\t\t\t\t\t<span class=\"elementor-button-content-wrapper\">\n\t\t\t\t\t\t<span class=\"elementor-button-icon\">\n\t\t\t\t<i aria-hidden=\"true\" class=\"fas fa-arrow-down\"><\/i>\t\t\t<\/span>\n\t\t\t\t\t\t\t\t\t<span class=\"elementor-button-text\">Oldalfal referenci\u00e1k<\/span>\n\t\t\t\t\t<\/span>\n\t\t\t\t\t<\/a>\n\t\t\t\t<\/div>\n\t\t\t\t\t\t\t\t<\/div>\n\t\t\t\t<\/div>\n\t\t\t\t<div class=\"elementor-element elementor-element-76e9f9ac elementor-widget elementor-widget-heading\" data-id=\"76e9f9ac\" data-element_type=\"widget\" data-widget_type=\"heading.default\">\n\t\t\t\t<div class=\"elementor-widget-container\">\n\t\t\t\t\t<h2 class=\"elementor-heading-title elementor-size-default\">Term\u00e9kle\u00edr\u00e1s<\/h2>\t\t\t\t<\/div>\n\t\t\t\t<\/div>\n\t\t\t\t<div class=\"elementor-element elementor-element-51707b24 elementor-widget elementor-widget-text-editor\" data-id=\"51707b24\" data-element_type=\"widget\" data-widget_type=\"text-editor.default\">\n\t\t\t\t<div class=\"elementor-widget-container\">\n\t\t\t\t\t\t\t\t\t<p><strong>A teraszokhoz, ki\u00fcl\u0151kh\u00f6z rendelhet\u0151 alum\u00edniumkerettel ell\u00e1tott biztons\u00e1gi \u00fcveg, mely az es\u0151t\u0151l \u00e9s sz\u00e9lt\u0151l v\u00e9di terasz\u00e1t. Teraszaink \u00fagy k\u00e9sz\u00fclnek, hogy ut\u00f3lag is be\u00e9p\u00edthet\u0151 legyen az oldal,- \u00e9s el\u0151 falai.\u00a0<\/strong>Ezzel a kieg\u00e9sz\u00edt\u0151vel, sokkal sz\u00ednvonalasabb\u00e1 \u00e9s sokoldal\u00fabb\u00e1 teheti terasz\u00e1t. A keretek is ugyanazon alapanyagb\u00f3l k\u00e9sz\u00fclnek, mint maga a terasz, \u00e9s \u00fcvege biztons\u00e1gi \u00fcveg. Ig\u00e9ny szerint b\u00e1rmelyik oldala ajt\u00f3val kieg\u00e9sz\u00edthet\u0151.<\/p>\t\t\t\t\t\t\t\t<\/div>\n\t\t\t\t<\/div>\n\t\t\t\t<div class=\"elementor-element elementor-element-3ab21d88 elementor-widget__width-initial elementor-absolute elementor-mobile-align-justify elementor-widget-mobile__width-inherit elementor-widget elementor-widget-button\" data-id=\"3ab21d88\" data-element_type=\"widget\" data-settings=\"{&quot;_position&quot;:&quot;absolute&quot;}\" data-widget_type=\"button.default\">\n\t\t\t\t<div class=\"elementor-widget-container\">\n\t\t\t\t\t\t\t\t\t<div class=\"elementor-button-wrapper\">\n\t\t\t\t\t<a class=\"elementor-button elementor-button-link elementor-size-sm\" href=\"https:\/\/mci-terasadevis.ro\/hu\/terasz-ajanlatkeres\/\" target=\"_blank\">\n\t\t\t\t\t\t<span class=\"elementor-button-content-wrapper\">\n\t\t\t\t\t\t<span class=\"elementor-button-icon\">\n\t\t\t\t<i aria-hidden=\"true\" class=\"fas fa-angle-double-right\"><\/i>\t\t\t<\/span>\n\t\t\t\t\t\t\t\t\t<span class=\"elementor-button-text\">Aj\u00e1nlatk\u00e9r\u00e9s oldalfalra<\/span>\n\t\t\t\t\t<\/span>\n\t\t\t\t\t<\/a>\n\t\t\t\t<\/div>\n\t\t\t\t\t\t\t\t<\/div>\n\t\t\t\t<\/div>\n\t\t\t\t\t<\/div>\n\t\t<\/div>\n\t\t\t\t\t<\/div>\n\t\t<\/section>\n\t\t\t\t<div class=\"elementor-element elementor-element-16c8b4b elementor-widget elementor-widget-heading\" data-id=\"16c8b4b\" data-element_type=\"widget\" id=\"referencia\" data-widget_type=\"heading.default\">\n\t\t\t\t<div class=\"elementor-widget-container\">\n\t\t\t\t\t<h3 class=\"elementor-heading-title elementor-size-default\">Referenciak\u00e9pek<\/h3>\t\t\t\t<\/div>\n\t\t\t\t<\/div>\n\t\t\t\t<div class=\"elementor-element elementor-element-1113706f elementor-widget elementor-widget-gallery\" data-id=\"1113706f\" data-element_type=\"widget\" data-settings=\"{&quot;overlay_title&quot;:&quot;alt&quot;,&quot;columns_mobile&quot;:2,&quot;gap_mobile&quot;:{&quot;unit&quot;:&quot;px&quot;,&quot;size&quot;:4,&quot;sizes&quot;:[]},&quot;lazyload&quot;:&quot;yes&quot;,&quot;gallery_layout&quot;:&quot;grid&quot;,&quot;columns&quot;:4,&quot;columns_tablet&quot;:2,&quot;gap&quot;:{&quot;unit&quot;:&quot;px&quot;,&quot;size&quot;:10,&quot;sizes&quot;:[]},&quot;gap_widescreen&quot;:{&quot;unit&quot;:&quot;px&quot;,&quot;size&quot;:&quot;&quot;,&quot;sizes&quot;:[]},&quot;gap_laptop&quot;:{&quot;unit&quot;:&quot;px&quot;,&quot;size&quot;:10,&quot;sizes&quot;:[]},&quot;gap_tablet&quot;:{&quot;unit&quot;:&quot;px&quot;,&quot;size&quot;:10,&quot;sizes&quot;:[]},&quot;link_to&quot;:&quot;file&quot;,&quot;aspect_ratio&quot;:&quot;3:2&quot;,&quot;content_hover_animation&quot;:&quot;fade-in&quot;}\" data-widget_type=\"gallery.default\">\n\t\t\t\t<div class=\"elementor-widget-container\">\n\t\t\t\t\t\t\t<div class=\"elementor-gallery__container\">\n\t\t\t\t\t\t\t<a class=\"e-gallery-item elementor-gallery-item elementor-animated-content\" href=\"https:\/\/mci-terasadevis.ro\/wp-content\/uploads\/2024\/04\/8mm-telikert.jpg\" data-elementor-open-lightbox=\"yes\" data-elementor-lightbox-slideshow=\"1113706f\" data-elementor-lightbox-title=\"8mm-telikert.jpg\" data-e-action-hash=\"#elementor-action%3Aaction%3Dlightbox%26settings%3DeyJpZCI6MjczNCwidXJsIjoiaHR0cHM6XC9cL21jaS10ZXJhc2FkZXZpcy5yb1wvd3AtY29udGVudFwvdXBsb2Fkc1wvMjAyNFwvMDRcLzhtbS10ZWxpa2VydC5qcGciLCJzbGlkZXNob3ciOiIxMTEzNzA2ZiJ9\">\n\t\t\t\t\t<div class=\"e-gallery-image elementor-gallery-item__image\" data-thumbnail=\"https:\/\/mci-terasadevis.ro\/wp-content\/uploads\/2024\/04\/8mm-telikert.jpg\" data-width=\"1000\" data-height=\"750\" aria-label=\"\" role=\"img\" ><\/div>\n\t\t\t\t\t\t\t\t\t\t\t\t\t\t\t<div class=\"elementor-gallery-item__content\">\n\t\t\t\t\t\t\t\t\t\t\t<\/div>\n\t\t\t\t\t\t\t\t\t<\/a>\n\t\t\t\t\t\t\t<a class=\"e-gallery-item elementor-gallery-item elementor-animated-content\" href=\"https:\/\/mci-terasadevis.ro\/wp-content\/uploads\/2024\/04\/telikert.jpg\" data-elementor-open-lightbox=\"yes\" data-elementor-lightbox-slideshow=\"1113706f\" data-elementor-lightbox-title=\"telikert.jpg\" data-e-action-hash=\"#elementor-action%3Aaction%3Dlightbox%26settings%3DeyJpZCI6MjczNywidXJsIjoiaHR0cHM6XC9cL21jaS10ZXJhc2FkZXZpcy5yb1wvd3AtY29udGVudFwvdXBsb2Fkc1wvMjAyNFwvMDRcL3RlbGlrZXJ0LmpwZyIsInNsaWRlc2hvdyI6IjExMTM3MDZmIn0%3D\">\n\t\t\t\t\t<div class=\"e-gallery-image elementor-gallery-item__image\" data-thumbnail=\"https:\/\/mci-terasadevis.ro\/wp-content\/uploads\/2024\/04\/telikert.jpg\" data-width=\"750\" data-height=\"1000\" aria-label=\"\" role=\"img\" ><\/div>\n\t\t\t\t\t\t\t\t\t\t\t\t\t\t\t<div class=\"elementor-gallery-item__content\">\n\t\t\t\t\t\t\t\t\t\t\t<\/div>\n\t\t\t\t\t\t\t\t\t<\/a>\n\t\t\t\t\t\t\t<a class=\"e-gallery-item elementor-gallery-item elementor-animated-content\" href=\"https:\/\/mci-terasadevis.ro\/wp-content\/uploads\/2024\/04\/teli-kert.jpg\" data-elementor-open-lightbox=\"yes\" data-elementor-lightbox-slideshow=\"1113706f\" data-elementor-lightbox-title=\"teli-kert.jpg\" data-e-action-hash=\"#elementor-action%3Aaction%3Dlightbox%26settings%3DeyJpZCI6Mjc0MCwidXJsIjoiaHR0cHM6XC9cL21jaS10ZXJhc2FkZXZpcy5yb1wvd3AtY29udGVudFwvdXBsb2Fkc1wvMjAyNFwvMDRcL3RlbGkta2VydC5qcGciLCJzbGlkZXNob3ciOiIxMTEzNzA2ZiJ9\">\n\t\t\t\t\t<div class=\"e-gallery-image elementor-gallery-item__image\" data-thumbnail=\"https:\/\/mci-terasadevis.ro\/wp-content\/uploads\/2024\/04\/teli-kert.jpg\" data-width=\"1000\" data-height=\"750\" aria-label=\"\" role=\"img\" ><\/div>\n\t\t\t\t\t\t\t\t\t\t\t\t\t\t\t<div class=\"elementor-gallery-item__content\">\n\t\t\t\t\t\t\t\t\t\t\t<\/div>\n\t\t\t\t\t\t\t\t\t<\/a>\n\t\t\t\t\t\t\t<a class=\"e-gallery-item elementor-gallery-item elementor-animated-content\" href=\"https:\/\/mci-terasadevis.ro\/wp-content\/uploads\/2024\/04\/telikert-arak.jpg\" data-elementor-open-lightbox=\"yes\" data-elementor-lightbox-slideshow=\"1113706f\" data-elementor-lightbox-title=\"telikert-arak.jpg\" data-e-action-hash=\"#elementor-action%3Aaction%3Dlightbox%26settings%3DeyJpZCI6Mjc0MywidXJsIjoiaHR0cHM6XC9cL21jaS10ZXJhc2FkZXZpcy5yb1wvd3AtY29udGVudFwvdXBsb2Fkc1wvMjAyNFwvMDRcL3RlbGlrZXJ0LWFyYWsuanBnIiwic2xpZGVzaG93IjoiMTExMzcwNmYifQ%3D%3D\">\n\t\t\t\t\t<div class=\"e-gallery-image elementor-gallery-item__image\" data-thumbnail=\"https:\/\/mci-terasadevis.ro\/wp-content\/uploads\/2024\/04\/telikert-arak.jpg\" data-width=\"1000\" data-height=\"750\" aria-label=\"\" role=\"img\" ><\/div>\n\t\t\t\t\t\t\t\t\t\t\t\t\t\t\t<div class=\"elementor-gallery-item__content\">\n\t\t\t\t\t\t\t\t\t\t\t<\/div>\n\t\t\t\t\t\t\t\t\t<\/a>\n\t\t\t\t\t\t\t<a class=\"e-gallery-item elementor-gallery-item elementor-animated-content\" href=\"https:\/\/mci-terasadevis.ro\/wp-content\/uploads\/2024\/04\/teli-kert-arak.jpg\" data-elementor-open-lightbox=\"yes\" data-elementor-lightbox-slideshow=\"1113706f\" data-elementor-lightbox-title=\"teli-kert-arak.jpg\" data-e-action-hash=\"#elementor-action%3Aaction%3Dlightbox%26settings%3DeyJpZCI6Mjc0NiwidXJsIjoiaHR0cHM6XC9cL21jaS10ZXJhc2FkZXZpcy5yb1wvd3AtY29udGVudFwvdXBsb2Fkc1wvMjAyNFwvMDRcL3RlbGkta2VydC1hcmFrLmpwZyIsInNsaWRlc2hvdyI6IjExMTM3MDZmIn0%3D\">\n\t\t\t\t\t<div class=\"e-gallery-image elementor-gallery-item__image\" data-thumbnail=\"https:\/\/mci-terasadevis.ro\/wp-content\/uploads\/2024\/04\/teli-kert-arak.jpg\" data-width=\"629\" data-height=\"412\" aria-label=\"\" role=\"img\" ><\/div>\n\t\t\t\t\t\t\t\t\t\t\t\t\t\t\t<div class=\"elementor-gallery-item__content\">\n\t\t\t\t\t\t\t\t\t\t\t<\/div>\n\t\t\t\t\t\t\t\t\t<\/a>\n\t\t\t\t\t\t\t<a class=\"e-gallery-item elementor-gallery-item elementor-animated-content\" href=\"https:\/\/mci-terasadevis.ro\/wp-content\/uploads\/2024\/04\/telikert-budapest.jpg\" data-elementor-open-lightbox=\"yes\" data-elementor-lightbox-slideshow=\"1113706f\" data-elementor-lightbox-title=\"telikert-budapest.jpg\" data-e-action-hash=\"#elementor-action%3Aaction%3Dlightbox%26settings%3DeyJpZCI6Mjc0OSwidXJsIjoiaHR0cHM6XC9cL21jaS10ZXJhc2FkZXZpcy5yb1wvd3AtY29udGVudFwvdXBsb2Fkc1wvMjAyNFwvMDRcL3RlbGlrZXJ0LWJ1ZGFwZXN0LmpwZyIsInNsaWRlc2hvdyI6IjExMTM3MDZmIn0%3D\">\n\t\t\t\t\t<div class=\"e-gallery-image elementor-gallery-item__image\" data-thumbnail=\"https:\/\/mci-terasadevis.ro\/wp-content\/uploads\/2024\/04\/telikert-budapest.jpg\" data-width=\"1000\" data-height=\"563\" aria-label=\"\" role=\"img\" ><\/div>\n\t\t\t\t\t\t\t\t\t\t\t\t\t\t\t<div class=\"elementor-gallery-item__content\">\n\t\t\t\t\t\t\t\t\t\t\t<\/div>\n\t\t\t\t\t\t\t\t\t<\/a>\n\t\t\t\t\t\t\t<a class=\"e-gallery-item elementor-gallery-item elementor-animated-content\" href=\"https:\/\/mci-terasadevis.ro\/wp-content\/uploads\/2024\/04\/telikert-eltoltlabakkal.jpg\" data-elementor-open-lightbox=\"yes\" data-elementor-lightbox-slideshow=\"1113706f\" data-elementor-lightbox-title=\"telikert-eltoltlabakkal.jpg\" data-e-action-hash=\"#elementor-action%3Aaction%3Dlightbox%26settings%3DeyJpZCI6Mjc1MiwidXJsIjoiaHR0cHM6XC9cL21jaS10ZXJhc2FkZXZpcy5yb1wvd3AtY29udGVudFwvdXBsb2Fkc1wvMjAyNFwvMDRcL3RlbGlrZXJ0LWVsdG9sdGxhYmFra2FsLmpwZyIsInNsaWRlc2hvdyI6IjExMTM3MDZmIn0%3D\">\n\t\t\t\t\t<div class=\"e-gallery-image elementor-gallery-item__image\" data-thumbnail=\"https:\/\/mci-terasadevis.ro\/wp-content\/uploads\/2024\/04\/telikert-eltoltlabakkal.jpg\" data-width=\"1000\" data-height=\"450\" aria-label=\"\" role=\"img\" ><\/div>\n\t\t\t\t\t\t\t\t\t\t\t\t\t\t\t<div class=\"elementor-gallery-item__content\">\n\t\t\t\t\t\t\t\t\t\t\t<\/div>\n\t\t\t\t\t\t\t\t\t<\/a>\n\t\t\t\t\t\t\t<a class=\"e-gallery-item elementor-gallery-item elementor-animated-content\" href=\"https:\/\/mci-terasadevis.ro\/wp-content\/uploads\/2024\/04\/telikert-epites.jpg\" data-elementor-open-lightbox=\"yes\" data-elementor-lightbox-slideshow=\"1113706f\" data-elementor-lightbox-title=\"telikert-epites.jpg\" data-e-action-hash=\"#elementor-action%3Aaction%3Dlightbox%26settings%3DeyJpZCI6Mjc1NSwidXJsIjoiaHR0cHM6XC9cL21jaS10ZXJhc2FkZXZpcy5yb1wvd3AtY29udGVudFwvdXBsb2Fkc1wvMjAyNFwvMDRcL3RlbGlrZXJ0LWVwaXRlcy5qcGciLCJzbGlkZXNob3ciOiIxMTEzNzA2ZiJ9\">\n\t\t\t\t\t<div class=\"e-gallery-image elementor-gallery-item__image\" data-thumbnail=\"https:\/\/mci-terasadevis.ro\/wp-content\/uploads\/2024\/04\/telikert-epites.jpg\" data-width=\"1024\" data-height=\"768\" aria-label=\"\" role=\"img\" ><\/div>\n\t\t\t\t\t\t\t\t\t\t\t\t\t\t\t<div class=\"elementor-gallery-item__content\">\n\t\t\t\t\t\t\t\t\t\t\t<\/div>\n\t\t\t\t\t\t\t\t\t<\/a>\n\t\t\t\t\t\t\t<a class=\"e-gallery-item elementor-gallery-item elementor-animated-content\" href=\"https:\/\/mci-terasadevis.ro\/wp-content\/uploads\/2024\/04\/telikert-gyor.jpg\" data-elementor-open-lightbox=\"yes\" data-elementor-lightbox-slideshow=\"1113706f\" data-elementor-lightbox-title=\"telikert-gyor.jpg\" data-e-action-hash=\"#elementor-action%3Aaction%3Dlightbox%26settings%3DeyJpZCI6Mjc1OCwidXJsIjoiaHR0cHM6XC9cL21jaS10ZXJhc2FkZXZpcy5yb1wvd3AtY29udGVudFwvdXBsb2Fkc1wvMjAyNFwvMDRcL3RlbGlrZXJ0LWd5b3IuanBnIiwic2xpZGVzaG93IjoiMTExMzcwNmYifQ%3D%3D\">\n\t\t\t\t\t<div class=\"e-gallery-image elementor-gallery-item__image\" data-thumbnail=\"https:\/\/mci-terasadevis.ro\/wp-content\/uploads\/2024\/04\/telikert-gyor.jpg\" data-width=\"1000\" data-height=\"750\" aria-label=\"\" role=\"img\" ><\/div>\n\t\t\t\t\t\t\t\t\t\t\t\t\t\t\t<div class=\"elementor-gallery-item__content\">\n\t\t\t\t\t\t\t\t\t\t\t<\/div>\n\t\t\t\t\t\t\t\t\t<\/a>\n\t\t\t\t\t\t\t<a class=\"e-gallery-item elementor-gallery-item elementor-animated-content\" href=\"https:\/\/mci-terasadevis.ro\/wp-content\/uploads\/2024\/04\/telikert-kivitelezo.jpg\" data-elementor-open-lightbox=\"yes\" data-elementor-lightbox-slideshow=\"1113706f\" data-elementor-lightbox-title=\"telikert-kivitelezo.jpg\" data-e-action-hash=\"#elementor-action%3Aaction%3Dlightbox%26settings%3DeyJpZCI6Mjc2MSwidXJsIjoiaHR0cHM6XC9cL21jaS10ZXJhc2FkZXZpcy5yb1wvd3AtY29udGVudFwvdXBsb2Fkc1wvMjAyNFwvMDRcL3RlbGlrZXJ0LWtpdml0ZWxlem8uanBnIiwic2xpZGVzaG93IjoiMTExMzcwNmYifQ%3D%3D\">\n\t\t\t\t\t<div class=\"e-gallery-image elementor-gallery-item__image\" data-thumbnail=\"https:\/\/mci-terasadevis.ro\/wp-content\/uploads\/2024\/04\/telikert-kivitelezo.jpg\" data-width=\"1000\" data-height=\"765\" aria-label=\"\" role=\"img\" ><\/div>\n\t\t\t\t\t\t\t\t\t\t\t\t\t\t\t<div class=\"elementor-gallery-item__content\">\n\t\t\t\t\t\t\t\t\t\t\t<\/div>\n\t\t\t\t\t\t\t\t\t<\/a>\n\t\t\t\t\t\t\t<a class=\"e-gallery-item elementor-gallery-item elementor-animated-content\" href=\"https:\/\/mci-terasadevis.ro\/wp-content\/uploads\/2024\/04\/telikert-otletek.jpg\" data-elementor-open-lightbox=\"yes\" data-elementor-lightbox-slideshow=\"1113706f\" data-elementor-lightbox-title=\"telikert-otletek.jpg\" data-e-action-hash=\"#elementor-action%3Aaction%3Dlightbox%26settings%3DeyJpZCI6Mjc2NCwidXJsIjoiaHR0cHM6XC9cL21jaS10ZXJhc2FkZXZpcy5yb1wvd3AtY29udGVudFwvdXBsb2Fkc1wvMjAyNFwvMDRcL3RlbGlrZXJ0LW90bGV0ZWsuanBnIiwic2xpZGVzaG93IjoiMTExMzcwNmYifQ%3D%3D\">\n\t\t\t\t\t<div class=\"e-gallery-image elementor-gallery-item__image\" data-thumbnail=\"https:\/\/mci-terasadevis.ro\/wp-content\/uploads\/2024\/04\/telikert-otletek.jpg\" data-width=\"1024\" data-height=\"768\" aria-label=\"\" role=\"img\" ><\/div>\n\t\t\t\t\t\t\t\t\t\t\t\t\t\t\t<div class=\"elementor-gallery-item__content\">\n\t\t\t\t\t\t\t\t\t\t\t<\/div>\n\t\t\t\t\t\t\t\t\t<\/a>\n\t\t\t\t\t<\/div>\n\t\t\t\t\t<\/div>\n\t\t\t\t<\/div>\n\t\t\t\t<div class=\"elementor-element elementor-element-50095456 elementor-align-center elementor-laptop-align-center elementor-widget elementor-widget-button\" data-id=\"50095456\" data-element_type=\"widget\" data-widget_type=\"button.default\">\n\t\t\t\t<div class=\"elementor-widget-container\">\n\t\t\t\t\t\t\t\t\t<div class=\"elementor-button-wrapper\">\n\t\t\t\t\t<a class=\"elementor-button elementor-button-link elementor-size-sm\" href=\"https:\/\/mci-terasadevis.ro\/hu\/terasz-ajanlatkeres\/\">\n\t\t\t\t\t\t<span class=\"elementor-button-content-wrapper\">\n\t\t\t\t\t\t\t\t\t<span class=\"elementor-button-text\">\u00c1raj\u00e1nlatk\u00e9r\u00e9s<\/span>\n\t\t\t\t\t<\/span>\n\t\t\t\t\t<\/a>\n\t\t\t\t<\/div>\n\t\t\t\t\t\t\t\t<\/div>\n\t\t\t\t<\/div>\n\t\t\t\t\t<\/div>\n\t\t<\/div>\n\t\t\t\t\t<\/div>\n\t\t<\/section>\n\t\t\t\t<\/div>\n\t\t","protected":false},"excerpt":{"rendered":"<p>Alum\u00ednium oldal,- \u00e9s el\u0151 falak Teraszaink szerelhet\u0151ek tol\u00f3-ny\u00edl\u00f3 10 mm-es \u00fcvegfallal, \u00edgy a nappali k\u00f6nnyed\u00e9n kib\u0151v\u00edthet\u0151 egy t\u00e9likerttel, amit a csal\u00e1d \u00f6sszes tagja sz\u00edvesen haszn\u00e1l. De lehet\u0151s\u00e9g van arra is, hogy az udvarban k\u00fcl\u00f6n\u00e1ll\u00f3 4 oldalr\u00f3l z\u00e1rt \u00e9p\u00edtm\u00e9ny legyen.\u00a0K\u00e9rje INGYENES egyedi \u00e1raj\u00e1nlatunkat! ESG edzett biztons\u00e1gi \u00fcveggel elcs\u00fasztathat\u00f3 \u00e9s FIX kivitelben is, ak\u00e1r z\u00e1rszerkezettel is felszerelhet\u0151 [&hellip;]<\/p>\n","protected":false},"author":1,"featured_media":0,"parent":0,"menu_order":0,"comment_status":"closed","ping_status":"closed","template":"elementor_header_footer","meta":{"footnotes":""},"class_list":["post-2778","page","type-page","status-publish","hentry"],"_links":{"self":[{"href":"https:\/\/mci-terasadevis.ro\/hu\/wp-json\/wp\/v2\/pages\/2778","targetHints":{"allow":["GET"]}}],"collection":[{"href":"https:\/\/mci-terasadevis.ro\/hu\/wp-json\/wp\/v2\/pages"}],"about":[{"href":"https:\/\/mci-terasadevis.ro\/hu\/wp-json\/wp\/v2\/types\/page"}],"author":[{"embeddable":true,"href":"https:\/\/mci-terasadevis.ro\/hu\/wp-json\/wp\/v2\/users\/1"}],"replies":[{"embeddable":true,"href":"https:\/\/mci-terasadevis.ro\/hu\/wp-json\/wp\/v2\/comments?post=2778"}],"version-history":[{"count":1,"href":"https:\/\/mci-terasadevis.ro\/hu\/wp-json\/wp\/v2\/pages\/2778\/revisions"}],"predecessor-version":[{"id":8501,"href":"https:\/\/mci-terasadevis.ro\/hu\/wp-json\/wp\/v2\/pages\/2778\/revisions\/8501"}],"wp:attachment":[{"href":"https:\/\/mci-terasadevis.ro\/hu\/wp-json\/wp\/v2\/media?parent=2778"}],"curies":[{"name":"wp","href":"https:\/\/api.w.org\/{rel}","templated":true}]}}